{"id":164,"date":"2022-09-26T17:19:39","date_gmt":"2022-09-26T14:19:39","guid":{"rendered":"https:\/\/safirpak.com.tr\/?page_id=164"},"modified":"2022-09-27T18:07:39","modified_gmt":"2022-09-27T15:07:39","slug":"hakkimizda","status":"publish","type":"page","link":"https:\/\/safirpak.com.tr\/?page_id=164","title":{"rendered":"Hakk\u0131m\u0131zda"},"content":{"rendered":"\n<p>Safirpak, ambalaj sanayi sekt\u00f6r\u00fcnde sundu\u011fu \u00fcr\u00fcn gam\u0131 ve teknolojiler ile m\u00fc\u015fteri memnuniyetini \u00f6n planda tutan, tedarik\u00e7ileri ile ili\u015fkilerini s\u00fcrekli geli\u015ftiren, \u00e7al\u0131\u015fanlar\u0131n\u0131n geli\u015fimine \u00f6nem veren yeniliklere a\u00e7\u0131k bir firmad\u0131r.<\/p>\n\n\n\n<p>2002 y\u0131l\u0131ndan bu g\u00fcne kadar geli\u015fen tedarik a\u011f\u0131, e\u011fitimli ve kalifiye personel gibi etkenler ile birlikte g\u00fcn\u00fcm\u00fcz\u00fcn teknolojisine h\u0131zl\u0131 \u015fekilde entegre olmu\u015f ve sekt\u00f6r\u00fcnde \u00f6nc\u00fc bir firma haline gelmi\u015ftir.<\/p>\n","protected":false},"excerpt":{"rendered":"<p>Safirpak, ambalaj sanayi sekt\u00f6r\u00fcnde sundu\u011fu \u00fcr\u00fcn gam\u0131 ve teknolojiler ile m\u00fc\u015fteri memnuniyetini \u00f6n planda tutan, tedarik\u00e7ileri ile ili\u015fkilerini s\u00fcrekli geli\u015ftiren, \u00e7al\u0131\u015fanlar\u0131n\u0131n geli\u015fimine \u00f6nem veren yeniliklere a\u00e7\u0131k bir firmad\u0131r. 2002 y\u0131l\u0131ndan bu g\u00fcne kadar geli\u015fen tedarik a\u011f\u0131, e\u011fitimli ve kalifiye personel gibi etkenler ile birlikte g\u00fcn\u00fcm\u00fcz\u00fcn teknolojisine h\u0131zl\u0131 \u015fekilde entegre olmu\u015f ve sekt\u00f6r\u00fcnde \u00f6nc\u00fc bir firma [&hellip;]<\/p>\n","protected":false},"author":1,"featured_media":188,"parent":0,"menu_order":0,"comment_status":"closed","ping_status":"closed","template":"","meta":{"footnotes":""},"class_list":["post-164","page","type-page","status-publish","has-post-thumbnail","hentry"],"_links":{"self":[{"href":"https:\/\/safirpak.com.tr\/index.php?rest_route=\/wp\/v2\/pages\/164","targetHints":{"allow":["GET"]}}],"collection":[{"href":"https:\/\/safirpak.com.tr\/index.php?rest_route=\/wp\/v2\/pages"}],"about":[{"href":"https:\/\/safirpak.com.tr\/index.php?rest_route=\/wp\/v2\/types\/page"}],"author":[{"embeddable":true,"href":"https:\/\/safirpak.com.tr\/index.php?rest_route=\/wp\/v2\/users\/1"}],"replies":[{"embeddable":true,"href":"https:\/\/safirpak.com.tr\/index.php?rest_route=%2Fwp%2Fv2%2Fcomments&post=164"}],"version-history":[{"count":4,"href":"https:\/\/safirpak.com.tr\/index.php?rest_route=\/wp\/v2\/pages\/164\/revisions"}],"predecessor-version":[{"id":337,"href":"https:\/\/safirpak.com.tr\/index.php?rest_route=\/wp\/v2\/pages\/164\/revisions\/337"}],"wp:featuredmedia":[{"embeddable":true,"href":"https:\/\/safirpak.com.tr\/index.php?rest_route=\/wp\/v2\/media\/188"}],"wp:attachment":[{"href":"https:\/\/safirpak.com.tr\/index.php?rest_route=%2Fwp%2Fv2%2Fmedia&parent=164"}],"curies":[{"name":"wp","href":"https:\/\/api.w.org\/{rel}","templated":true}]}}